{"id":136,"date":"2022-02-03T18:57:33","date_gmt":"2022-02-03T18:57:33","guid":{"rendered":"https:\/\/eazyco.com.br\/wp-2\/?page_id=136"},"modified":"2022-02-03T19:38:49","modified_gmt":"2022-02-03T19:38:49","slug":"arena-pvp","status":"publish","type":"page","link":"https:\/\/eazyco.com.br\/wp-2\/arena-pvp\/","title":{"rendered":"PVP Arena"},"content":{"rendered":"\n<p>\u00c9 sobre pvp? Ent\u00e3o \u00e9 sobre o Arena e t\u00e1 tudo bem&#8230; <\/p>\n\n\n\n<p>N\u00e3o \u00e9 segredo que n\u00f3s buscamos criar os melhores metas, nem que procuramos oferecer a melhor organiza\u00e7\u00e3o poss\u00edvel para voc\u00eas.<br>Talvez muitos n\u00e3o saibam, mas deixamos passar v\u00e1rias chances de aumentar o tamanho da Arena seguindo a premissa &#8220;Qualidade &gt; Quantidade&#8221;.<\/p>\n\n\n\n<p>Pois hoje divulgo mais um passo na nossa busca pela melhor organiza\u00e7\u00e3o poss\u00edvel: o site da Arena!<\/p>\n\n\n\n<p>Nosso querido ademiro @#Saint_Thih n\u00e3o tem poupado esfor\u00e7os pra preparar tudo pra voc\u00eas, mesmo que isso signifique abrir m\u00e3o de muito tempo das suas folgas do servi\u00e7o. Em nome de todos os ADMs, obrigado! \u00c9 sem d\u00favidas um passo com o qual sonhamos faz muito tempo, e que hoje se torna realidade.<\/p>\n\n\n\n<p>Dentro do site, cada participante ter\u00e1 o seu pr\u00f3prio login. O gerenciamento das Copas ser\u00e1 feito por l\u00e1, assim todos podem acompanhar em tempo real o que acontece dentro da Arena.<br>Passaremos por um momento de transi\u00e7\u00e3o sobre a forma como voc\u00eas registram as equipes e notificam as partidas, mas a ideia \u00e9 de que em breve todos os registros e altera\u00e7\u00f5es sejam realizado por l\u00e1, quantas vezes voc\u00eas quiserem, a hora que quiserem.<\/p>\n\n\n\n<p>Se tiverem qualquer d\u00favida sobre o site, entrem em contato com o desenvolvedor (@#Saint_Thih). Tenho certeza que ele atender\u00e1 voc\u00eas da melhor forma que puder.<\/p>\n\n\n\n<p><\/p>\n\n\n\n<p>Venha voc\u00ea tamb\u00e9m fazer parte do maior canal de intera\u00e7\u00e3o em batalhas PVP Pokemon Go e venha disputar inumeras partidas com nossos amigos. Alcance o t\u00e3o sonhado Legend com a gente!!!<\/p>\n\n\n\n<p><\/p>\n\n\n\n<div class=\"wp-block-buttons\">\n<div class=\"wp-block-button\"><a class=\"wp-block-button__link has-midnight-gradient-background has-background\" href=\"\" target=\"_blank\" rel=\"noreferrer noopener\">Facebook do ArenaPVP<\/a><\/div>\n\n\n\n<div class=\"wp-block-button is-style-outline\"><a class=\"wp-block-button__link has-white-color has-blush-bordeaux-gradient-background has-text-color has-background\" href=\"\" target=\"_blank\" rel=\"noreferrer noopener\"><em>Confira o Instagram do Aren<\/em>aPVP<\/a><\/div>\n<\/div>\n\n\n\n<div class=\"wp-block-buttons\"><\/div>\n\n\n\n<div class=\"wp-block-image is-style-rounded\"><figure class=\"aligncenter size-full\"><img loading=\"lazy\" width=\"200\" height=\"200\" src=\"http:\/\/eazyco.com.br\/wp-2\/wp-content\/uploads\/2021\/02\/arena_logo-e1613344389341.jpg\" alt=\"Logo Arena PVP\" class=\"wp-image-43\" title=\"Arena PVP - Logo\" srcset=\"https:\/\/eazyco.com.br\/wp-2\/wp-content\/uploads\/2021\/02\/arena_logo-e1613344389341.jpg 200w, https:\/\/eazyco.com.br\/wp-2\/wp-content\/uploads\/2021\/02\/arena_logo-e1613344389341-150x150.jpg 150w, https:\/\/eazyco.com.br\/wp-2\/wp-content\/uploads\/2021\/02\/arena_logo-e1613344389341-146x146.jpg 146w, https:\/\/eazyco.com.br\/wp-2\/wp-content\/uploads\/2021\/02\/arena_logo-e1613344389341-50x50.jpg 50w, https:\/\/eazyco.com.br\/wp-2\/wp-content\/uploads\/2021\/02\/arena_logo-e1613344389341-75x75.jpg 75w, https:\/\/eazyco.com.br\/wp-2\/wp-content\/uploads\/2021\/02\/arena_logo-e1613344389341-85x85.jpg 85w, https:\/\/eazyco.com.br\/wp-2\/wp-content\/uploads\/2021\/02\/arena_logo-e1613344389341-80x80.jpg 80w\" sizes=\"(max-width: 200px) 100vw, 200px\" \/><\/figure><\/div>\n\n\n\n<p>Links Relacionados:<\/p>\n\n\n\n<ul><li><a href=\"https:\/\/www.stadiumgaming.gg\/rank-checker\">GoStadium &#8211; Check RANK<\/a><\/li><li><a href=\"http:\/\/www.pvpoke.com\">Pvpoke<\/a><\/li><\/ul>\n\n\n\n<p><\/p>\n","protected":false},"excerpt":{"rendered":"<p>\u00c9 sobre pvp? Ent\u00e3o \u00e9 sobre o Arena e t\u00e1 tudo bem&#8230; N\u00e3o \u00e9 segredo que n\u00f3s buscamos criar os melhores metas, nem que procuramos oferecer a melhor organiza\u00e7\u00e3o poss\u00edvel para voc\u00eas.Talvez muitos n\u00e3o saibam, mas deixamos passar v\u00e1rias chances de aumentar o tamanho da Arena seguindo a premissa &#8220;Qualidade&hellip;<\/p>\n","protected":false},"author":1,"featured_media":0,"parent":0,"menu_order":0,"comment_status":"closed","ping_status":"closed","template":"","meta":[],"yoast_head":"<!-- This site is optimized with the Yoast SEO plugin v17.9 - https:\/\/yoast.com\/wordpress\/plugins\/seo\/ -->\n<title>PVP Arena - EazyCorp<\/title>\n<meta name=\"description\" content=\"Comunidade - Pok\u00e9mon GO. Realizamos disputas PVP em metas abertos e de cria\u00e7\u00e3o pr\u00f3pria, oferecendo divers\u00e3o e competitividade aos Treinadores.\" \/>\n<meta name=\"robots\" content=\"index, follow, max-snippet:-1, max-image-preview:large, max-video-preview:-1\" \/>\n<link rel=\"canonical\" href=\"https:\/\/eazyco.com.br\/wp-2\/arena-pvp\/\" \/>\n<meta property=\"og:locale\" content=\"en_US\" \/>\n<meta property=\"og:type\" content=\"article\" \/>\n<meta property=\"og:title\" content=\"PVP Arena - EazyCorp\" \/>\n<meta property=\"og:description\" content=\"Comunidade - Pok\u00e9mon GO. Realizamos disputas PVP em metas abertos e de cria\u00e7\u00e3o pr\u00f3pria, oferecendo divers\u00e3o e competitividade aos Treinadores.\" \/>\n<meta property=\"og:url\" content=\"https:\/\/eazyco.com.br\/wp-2\/arena-pvp\/\" \/>\n<meta property=\"og:site_name\" content=\"EazyCorp\" \/>\n<meta property=\"article:modified_time\" content=\"2022-02-03T19:38:49+00:00\" \/>\n<meta property=\"og:image\" content=\"http:\/\/eazyco.com.br\/wp-2\/wp-content\/uploads\/2021\/02\/arena_logo-e1613344389341.jpg\" \/>\n<meta name=\"twitter:card\" content=\"summary_large_image\" \/>\n<meta name=\"twitter:label1\" content=\"Est. reading time\" \/>\n\t<meta name=\"twitter:data1\" content=\"2 minutes\" \/>\n<script type=\"application\/ld+json\" class=\"yoast-schema-graph\">{\"@context\":\"https:\/\/schema.org\",\"@graph\":[{\"@type\":\"Organization\",\"@id\":\"https:\/\/eazyco.com.br\/wp-2\/#organization\",\"name\":\"EazyCorp\",\"url\":\"https:\/\/eazyco.com.br\/wp-2\/\",\"sameAs\":[],\"logo\":{\"@type\":\"ImageObject\",\"@id\":\"https:\/\/eazyco.com.br\/wp-2\/#logo\",\"inLanguage\":\"en-US\",\"url\":\"https:\/\/eazyco.com.br\/wp-2\/wp-content\/uploads\/2021\/02\/EazyCorp..png\",\"contentUrl\":\"https:\/\/eazyco.com.br\/wp-2\/wp-content\/uploads\/2021\/02\/EazyCorp..png\",\"width\":500,\"height\":500,\"caption\":\"EazyCorp\"},\"image\":{\"@id\":\"https:\/\/eazyco.com.br\/wp-2\/#logo\"}},{\"@type\":\"WebSite\",\"@id\":\"https:\/\/eazyco.com.br\/wp-2\/#website\",\"url\":\"https:\/\/eazyco.com.br\/wp-2\/\",\"name\":\"EazyCorp\",\"description\":\"Solu\\u00e7\\u00f5es em Desenvolvimento\",\"publisher\":{\"@id\":\"https:\/\/eazyco.com.br\/wp-2\/#organization\"},\"potentialAction\":[{\"@type\":\"SearchAction\",\"target\":{\"@type\":\"EntryPoint\",\"urlTemplate\":\"https:\/\/eazyco.com.br\/wp-2\/?s={search_term_string}\"},\"query-input\":\"required name=search_term_string\"}],\"inLanguage\":\"en-US\"},{\"@type\":\"ImageObject\",\"@id\":\"https:\/\/eazyco.com.br\/wp-2\/arena-pvp\/#primaryimage\",\"inLanguage\":\"en-US\",\"url\":\"http:\/\/eazyco.com.br\/wp-2\/wp-content\/uploads\/2021\/02\/arena_logo-e1613344389341.jpg\",\"contentUrl\":\"http:\/\/eazyco.com.br\/wp-2\/wp-content\/uploads\/2021\/02\/arena_logo-e1613344389341.jpg\"},{\"@type\":\"WebPage\",\"@id\":\"https:\/\/eazyco.com.br\/wp-2\/arena-pvp\/#webpage\",\"url\":\"https:\/\/eazyco.com.br\/wp-2\/arena-pvp\/\",\"name\":\"PVP Arena - EazyCorp\",\"isPartOf\":{\"@id\":\"https:\/\/eazyco.com.br\/wp-2\/#website\"},\"primaryImageOfPage\":{\"@id\":\"https:\/\/eazyco.com.br\/wp-2\/arena-pvp\/#primaryimage\"},\"datePublished\":\"2022-02-03T18:57:33+00:00\",\"dateModified\":\"2022-02-03T19:38:49+00:00\",\"description\":\"Comunidade - Pok\\u00e9mon GO. Realizamos disputas PVP em metas abertos e de cria\\u00e7\\u00e3o pr\\u00f3pria, oferecendo divers\\u00e3o e competitividade aos Treinadores.\",\"breadcrumb\":{\"@id\":\"https:\/\/eazyco.com.br\/wp-2\/arena-pvp\/#breadcrumb\"},\"inLanguage\":\"en-US\",\"potentialAction\":[{\"@type\":\"ReadAction\",\"target\":[\"https:\/\/eazyco.com.br\/wp-2\/arena-pvp\/\"]}]},{\"@type\":\"BreadcrumbList\",\"@id\":\"https:\/\/eazyco.com.br\/wp-2\/arena-pvp\/#breadcrumb\",\"itemListElement\":[{\"@type\":\"ListItem\",\"position\":1,\"name\":\"Home\",\"item\":\"https:\/\/eazyco.com.br\/wp-2\/\"},{\"@type\":\"ListItem\",\"position\":2,\"name\":\"PVP Arena\"}]}]}<\/script>\n<!-- \/ Yoast SEO plugin. -->","yoast_head_json":{"title":"PVP Arena - EazyCorp","description":"Comunidade - Pok\u00e9mon GO. Realizamos disputas PVP em metas abertos e de cria\u00e7\u00e3o pr\u00f3pria, oferecendo divers\u00e3o e competitividade aos Treinadores.","robots":{"index":"index","follow":"follow","max-snippet":"max-snippet:-1","max-image-preview":"max-image-preview:large","max-video-preview":"max-video-preview:-1"},"canonical":"https:\/\/eazyco.com.br\/wp-2\/arena-pvp\/","og_locale":"en_US","og_type":"article","og_title":"PVP Arena - EazyCorp","og_description":"Comunidade - Pok\u00e9mon GO. Realizamos disputas PVP em metas abertos e de cria\u00e7\u00e3o pr\u00f3pria, oferecendo divers\u00e3o e competitividade aos Treinadores.","og_url":"https:\/\/eazyco.com.br\/wp-2\/arena-pvp\/","og_site_name":"EazyCorp","article_modified_time":"2022-02-03T19:38:49+00:00","og_image":[{"url":"http:\/\/eazyco.com.br\/wp-2\/wp-content\/uploads\/2021\/02\/arena_logo-e1613344389341.jpg"}],"twitter_card":"summary_large_image","twitter_misc":{"Est. reading time":"2 minutes"},"schema":{"@context":"https:\/\/schema.org","@graph":[{"@type":"Organization","@id":"https:\/\/eazyco.com.br\/wp-2\/#organization","name":"EazyCorp","url":"https:\/\/eazyco.com.br\/wp-2\/","sameAs":[],"logo":{"@type":"ImageObject","@id":"https:\/\/eazyco.com.br\/wp-2\/#logo","inLanguage":"en-US","url":"https:\/\/eazyco.com.br\/wp-2\/wp-content\/uploads\/2021\/02\/EazyCorp..png","contentUrl":"https:\/\/eazyco.com.br\/wp-2\/wp-content\/uploads\/2021\/02\/EazyCorp..png","width":500,"height":500,"caption":"EazyCorp"},"image":{"@id":"https:\/\/eazyco.com.br\/wp-2\/#logo"}},{"@type":"WebSite","@id":"https:\/\/eazyco.com.br\/wp-2\/#website","url":"https:\/\/eazyco.com.br\/wp-2\/","name":"EazyCorp","description":"Solu\u00e7\u00f5es em Desenvolvimento","publisher":{"@id":"https:\/\/eazyco.com.br\/wp-2\/#organization"},"potentialAction":[{"@type":"SearchAction","target":{"@type":"EntryPoint","urlTemplate":"https:\/\/eazyco.com.br\/wp-2\/?s={search_term_string}"},"query-input":"required name=search_term_string"}],"inLanguage":"en-US"},{"@type":"ImageObject","@id":"https:\/\/eazyco.com.br\/wp-2\/arena-pvp\/#primaryimage","inLanguage":"en-US","url":"http:\/\/eazyco.com.br\/wp-2\/wp-content\/uploads\/2021\/02\/arena_logo-e1613344389341.jpg","contentUrl":"http:\/\/eazyco.com.br\/wp-2\/wp-content\/uploads\/2021\/02\/arena_logo-e1613344389341.jpg"},{"@type":"WebPage","@id":"https:\/\/eazyco.com.br\/wp-2\/arena-pvp\/#webpage","url":"https:\/\/eazyco.com.br\/wp-2\/arena-pvp\/","name":"PVP Arena - EazyCorp","isPartOf":{"@id":"https:\/\/eazyco.com.br\/wp-2\/#website"},"primaryImageOfPage":{"@id":"https:\/\/eazyco.com.br\/wp-2\/arena-pvp\/#primaryimage"},"datePublished":"2022-02-03T18:57:33+00:00","dateModified":"2022-02-03T19:38:49+00:00","description":"Comunidade - Pok\u00e9mon GO. Realizamos disputas PVP em metas abertos e de cria\u00e7\u00e3o pr\u00f3pria, oferecendo divers\u00e3o e competitividade aos Treinadores.","breadcrumb":{"@id":"https:\/\/eazyco.com.br\/wp-2\/arena-pvp\/#breadcrumb"},"inLanguage":"en-US","potentialAction":[{"@type":"ReadAction","target":["https:\/\/eazyco.com.br\/wp-2\/arena-pvp\/"]}]},{"@type":"BreadcrumbList","@id":"https:\/\/eazyco.com.br\/wp-2\/arena-pvp\/#breadcrumb","itemListElement":[{"@type":"ListItem","position":1,"name":"Home","item":"https:\/\/eazyco.com.br\/wp-2\/"},{"@type":"ListItem","position":2,"name":"PVP Arena"}]}]}},"_links":{"self":[{"href":"https:\/\/eazyco.com.br\/wp-2\/wp-json\/wp\/v2\/pages\/136"}],"collection":[{"href":"https:\/\/eazyco.com.br\/wp-2\/wp-json\/wp\/v2\/pages"}],"about":[{"href":"https:\/\/eazyco.com.br\/wp-2\/wp-json\/wp\/v2\/types\/page"}],"author":[{"embeddable":true,"href":"https:\/\/eazyco.com.br\/wp-2\/wp-json\/wp\/v2\/users\/1"}],"replies":[{"embeddable":true,"href":"https:\/\/eazyco.com.br\/wp-2\/wp-json\/wp\/v2\/comments?post=136"}],"version-history":[{"count":6,"href":"https:\/\/eazyco.com.br\/wp-2\/wp-json\/wp\/v2\/pages\/136\/revisions"}],"predecessor-version":[{"id":149,"href":"https:\/\/eazyco.com.br\/wp-2\/wp-json\/wp\/v2\/pages\/136\/revisions\/149"}],"wp:attachment":[{"href":"https:\/\/eazyco.com.br\/wp-2\/wp-json\/wp\/v2\/media?parent=136"}],"curies":[{"name":"wp","href":"https:\/\/api.w.org\/{rel}","templated":true}]}}