{"id":2,"date":"2019-05-24T20:30:45","date_gmt":"2019-05-24T20:30:45","guid":{"rendered":"http:\/\/eazyco.com.br\/wp-2\/?page_id=2"},"modified":"2021-02-16T22:35:56","modified_gmt":"2021-02-16T22:35:56","slug":"sample-page","status":"publish","type":"page","link":"https:\/\/eazyco.com.br\/wp-2\/","title":{"rendered":"Inicio"},"content":{"rendered":"\n<figure class=\"wp-block-gallery columns-1 is-cropped\"><ul class=\"blocks-gallery-grid\"><li class=\"blocks-gallery-item\"><figure><img loading=\"lazy\" width=\"1024\" height=\"434\" src=\"http:\/\/eazyco.com.br\/wp-2\/wp-content\/uploads\/2021\/02\/banner_eazy-1024x434.png\" alt=\"\" data-id=\"54\" data-full-url=\"http:\/\/eazyco.com.br\/wp-2\/wp-content\/uploads\/2021\/02\/banner_eazy.png\" data-link=\"http:\/\/eazyco.com.br\/wp-2\/banner_eazy\/\" class=\"wp-image-54\" srcset=\"https:\/\/eazyco.com.br\/wp-2\/wp-content\/uploads\/2021\/02\/banner_eazy-1024x434.png 1024w, https:\/\/eazyco.com.br\/wp-2\/wp-content\/uploads\/2021\/02\/banner_eazy-300x127.png 300w, https:\/\/eazyco.com.br\/wp-2\/wp-content\/uploads\/2021\/02\/banner_eazy-768x325.png 768w, https:\/\/eazyco.com.br\/wp-2\/wp-content\/uploads\/2021\/02\/banner_eazy-260x110.png 260w, https:\/\/eazyco.com.br\/wp-2\/wp-content\/uploads\/2021\/02\/banner_eazy-50x21.png 50w, https:\/\/eazyco.com.br\/wp-2\/wp-content\/uploads\/2021\/02\/banner_eazy-150x64.png 150w, https:\/\/eazyco.com.br\/wp-2\/wp-content\/uploads\/2021\/02\/banner_eazy.png 1331w\" sizes=\"(max-width: 1024px) 100vw, 1024px\" \/><\/figure><\/li><\/ul><\/figure>\n\n\n\n<p> Surgiu em 2014, por\u00e9m s\u00f3 em 2017 seu criador Thiago Santos a fundou como uma empresa. Sua miss\u00e3o \u00e9 ser prestativa, \u00fatil e pr\u00e1tica afim de facilitar o cotidiano de seus clientes por meio de tarefas pr\u00e9 selecionadas no ramo de ensino e desenvolvimento. Com os projetos Eazy Adm e Eazy GPE trabalhamos no setor administrativo e financeiro respectivamente. <\/p>\n\n\n\n<h2><strong>ARTES DIGITAS<\/strong><\/h2>\n\n\n\n<blockquote class=\"wp-block-quote\"><p> Arte para seu neg\u00f3cio e sua empresa. Logos, banners e propagandas digitais. <\/p><\/blockquote>\n\n\n\n<h2> <strong>APLICA\u00c7\u00d5ES E DESENVOLVIMENTO<\/strong> <\/h2>\n\n\n\n<blockquote class=\"wp-block-quote\"><p> Cria\u00e7\u00e3o de website, sistemas administrativos, aplica\u00e7\u00f5es desktop e WEB. <\/p><\/blockquote>\n\n\n\n<p>Para mais informa\u00e7\u00f5es sobre nossos servi\u00e7os acesse <a href=\"http:\/\/eazyco.com.br\/wp-2\/2019\/05\/27\/maio-e-junho-latias-latios-lugia-e-ho-oh\/\">NOSSOS SERVI\u00c7OS<\/a>.<\/p>\n\n\n\n<hr class=\"wp-block-separator\"\/>\n\n\n\n<h2 class=\"has-text-align-center\"><strong>NOSSO CONTATO<\/strong><\/h2>\n\n\n\n<pre class=\"wp-block-verse has-text-align-center\"> Tire suas d\u00favidas, sugest\u00f5es ou pedidos atrav\u00e9s do formul\u00e1rio abaixo <\/pre>\n\n\n<div role=\"form\" class=\"wpcf7\" id=\"wpcf7-f5-o1\" lang=\"en-US\" dir=\"ltr\">\n<div class=\"screen-reader-response\"><\/div>\n<form action=\"\/wp-2\/wp-json\/wp\/v2\/pages\/2#wpcf7-f5-o1\" method=\"post\" class=\"wpcf7-form\" novalidate=\"novalidate\">\n<div style=\"display: none;\">\n<input type=\"hidden\" name=\"_wpcf7\" value=\"5\" \/>\n<input type=\"hidden\" name=\"_wpcf7_version\" value=\"5.1.3\" \/>\n<input type=\"hidden\" name=\"_wpcf7_locale\" value=\"en_US\" \/>\n<input type=\"hidden\" name=\"_wpcf7_unit_tag\" value=\"wpcf7-f5-o1\" \/>\n<input type=\"hidden\" name=\"_wpcf7_container_post\" value=\"0\" \/>\n<\/div>\n<p><label> Your Name (required)<br \/>\n    <span class=\"wpcf7-form-control-wrap your-name\"><input type=\"text\" name=\"your-name\" value=\"\" size=\"40\" class=\"wpcf7-form-control wpcf7-text wpcf7-validates-as-required\" aria-required=\"true\" aria-invalid=\"false\" \/><\/span> <\/label><\/p>\n<p><label> Your Email (required)<br \/>\n    <span class=\"wpcf7-form-control-wrap your-email\"><input type=\"email\" name=\"your-email\" value=\"\" size=\"40\" class=\"wpcf7-form-control wpcf7-text wpcf7-email wpcf7-validates-as-required wpcf7-validates-as-email\" aria-required=\"true\" aria-invalid=\"false\" \/><\/span> <\/label><\/p>\n<p><label> Subject<br \/>\n    <span class=\"wpcf7-form-control-wrap your-subject\"><input type=\"text\" name=\"your-subject\" value=\"\" size=\"40\" class=\"wpcf7-form-control wpcf7-text\" aria-invalid=\"false\" \/><\/span> <\/label><\/p>\n<p><label> Your Message<br \/>\n    <span class=\"wpcf7-form-control-wrap your-message\"><textarea name=\"your-message\" cols=\"40\" rows=\"10\" class=\"wpcf7-form-control wpcf7-textarea\" aria-invalid=\"false\"><\/textarea><\/span> <\/label><\/p>\n<p><input type=\"submit\" value=\"Send\" class=\"wpcf7-form-control wpcf7-submit\" \/><\/p>\n<div class=\"wpcf7-response-output wpcf7-display-none\"><\/div><\/form><\/div>\n","protected":false},"excerpt":{"rendered":"<p>Surgiu em 2014, por\u00e9m s\u00f3 em 2017 seu criador Thiago Santos a fundou como uma empresa. Sua miss\u00e3o \u00e9 ser prestativa, \u00fatil e pr\u00e1tica afim de facilitar o cotidiano de seus clientes por meio de tarefas pr\u00e9 selecionadas no ramo de ensino e desenvolvimento. Com os projetos Eazy Adm e&hellip;<\/p>\n","protected":false},"author":1,"featured_media":0,"parent":0,"menu_order":0,"comment_status":"closed","ping_status":"open","template":"","meta":[],"yoast_head":"<!-- This site is optimized with the Yoast SEO plugin v17.9 - https:\/\/yoast.com\/wordpress\/plugins\/seo\/ -->\n<title>Inicio - EazyCorp<\/title>\n<meta name=\"robots\" content=\"index, follow, max-snippet:-1, max-image-preview:large, max-video-preview:-1\" \/>\n<link rel=\"canonical\" href=\"https:\/\/eazyco.com.br\/wp-2\/\" \/>\n<meta property=\"og:locale\" content=\"en_US\" \/>\n<meta property=\"og:type\" content=\"article\" \/>\n<meta property=\"og:title\" content=\"Inicio - EazyCorp\" \/>\n<meta property=\"og:description\" content=\"Surgiu em 2014, por\u00e9m s\u00f3 em 2017 seu criador Thiago Santos a fundou como uma empresa. Sua miss\u00e3o \u00e9 ser prestativa, \u00fatil e pr\u00e1tica afim de facilitar o cotidiano de seus clientes por meio de tarefas pr\u00e9 selecionadas no ramo de ensino e desenvolvimento. Com os projetos Eazy Adm e&hellip;\" \/>\n<meta property=\"og:url\" content=\"https:\/\/eazyco.com.br\/wp-2\/\" \/>\n<meta property=\"og:site_name\" content=\"EazyCorp\" \/>\n<meta property=\"article:modified_time\" content=\"2021-02-16T22:35:56+00:00\" \/>\n<meta property=\"og:image\" content=\"http:\/\/eazyco.com.br\/wp-2\/wp-content\/uploads\/2021\/02\/banner_eazy-1024x434.png\" \/>\n<meta name=\"twitter:card\" content=\"summary_large_image\" \/>\n<meta name=\"twitter:label1\" content=\"Est. reading time\" \/>\n\t<meta name=\"twitter:data1\" content=\"1 minute\" \/>\n<script type=\"application\/ld+json\" class=\"yoast-schema-graph\">{\"@context\":\"https:\/\/schema.org\",\"@graph\":[{\"@type\":\"Organization\",\"@id\":\"https:\/\/eazyco.com.br\/wp-2\/#organization\",\"name\":\"EazyCorp\",\"url\":\"https:\/\/eazyco.com.br\/wp-2\/\",\"sameAs\":[],\"logo\":{\"@type\":\"ImageObject\",\"@id\":\"https:\/\/eazyco.com.br\/wp-2\/#logo\",\"inLanguage\":\"en-US\",\"url\":\"https:\/\/eazyco.com.br\/wp-2\/wp-content\/uploads\/2021\/02\/EazyCorp..png\",\"contentUrl\":\"https:\/\/eazyco.com.br\/wp-2\/wp-content\/uploads\/2021\/02\/EazyCorp..png\",\"width\":500,\"height\":500,\"caption\":\"EazyCorp\"},\"image\":{\"@id\":\"https:\/\/eazyco.com.br\/wp-2\/#logo\"}},{\"@type\":\"WebSite\",\"@id\":\"https:\/\/eazyco.com.br\/wp-2\/#website\",\"url\":\"https:\/\/eazyco.com.br\/wp-2\/\",\"name\":\"EazyCorp\",\"description\":\"Solu\\u00e7\\u00f5es em Desenvolvimento\",\"publisher\":{\"@id\":\"https:\/\/eazyco.com.br\/wp-2\/#organization\"},\"potentialAction\":[{\"@type\":\"SearchAction\",\"target\":{\"@type\":\"EntryPoint\",\"urlTemplate\":\"https:\/\/eazyco.com.br\/wp-2\/?s={search_term_string}\"},\"query-input\":\"required name=search_term_string\"}],\"inLanguage\":\"en-US\"},{\"@type\":\"ImageObject\",\"@id\":\"https:\/\/eazyco.com.br\/wp-2\/#primaryimage\",\"inLanguage\":\"en-US\",\"url\":\"http:\/\/eazyco.com.br\/wp-2\/wp-content\/uploads\/2021\/02\/banner_eazy-1024x434.png\",\"contentUrl\":\"http:\/\/eazyco.com.br\/wp-2\/wp-content\/uploads\/2021\/02\/banner_eazy-1024x434.png\"},{\"@type\":\"WebPage\",\"@id\":\"https:\/\/eazyco.com.br\/wp-2\/#webpage\",\"url\":\"https:\/\/eazyco.com.br\/wp-2\/\",\"name\":\"Inicio - EazyCorp\",\"isPartOf\":{\"@id\":\"https:\/\/eazyco.com.br\/wp-2\/#website\"},\"primaryImageOfPage\":{\"@id\":\"https:\/\/eazyco.com.br\/wp-2\/#primaryimage\"},\"datePublished\":\"2019-05-24T20:30:45+00:00\",\"dateModified\":\"2021-02-16T22:35:56+00:00\",\"breadcrumb\":{\"@id\":\"https:\/\/eazyco.com.br\/wp-2\/#breadcrumb\"},\"inLanguage\":\"en-US\",\"potentialAction\":[{\"@type\":\"ReadAction\",\"target\":[\"https:\/\/eazyco.com.br\/wp-2\/\"]}]},{\"@type\":\"BreadcrumbList\",\"@id\":\"https:\/\/eazyco.com.br\/wp-2\/#breadcrumb\",\"itemListElement\":[{\"@type\":\"ListItem\",\"position\":1,\"name\":\"Home\",\"item\":\"https:\/\/eazyco.com.br\/wp-2\/\"},{\"@type\":\"ListItem\",\"position\":2,\"name\":\"Inicio\"}]}]}<\/script>\n<!-- \/ Yoast SEO plugin. -->","yoast_head_json":{"title":"Inicio - EazyCorp","robots":{"index":"index","follow":"follow","max-snippet":"max-snippet:-1","max-image-preview":"max-image-preview:large","max-video-preview":"max-video-preview:-1"},"canonical":"https:\/\/eazyco.com.br\/wp-2\/","og_locale":"en_US","og_type":"article","og_title":"Inicio - EazyCorp","og_description":"Surgiu em 2014, por\u00e9m s\u00f3 em 2017 seu criador Thiago Santos a fundou como uma empresa. Sua miss\u00e3o \u00e9 ser prestativa, \u00fatil e pr\u00e1tica afim de facilitar o cotidiano de seus clientes por meio de tarefas pr\u00e9 selecionadas no ramo de ensino e desenvolvimento. Com os projetos Eazy Adm e&hellip;","og_url":"https:\/\/eazyco.com.br\/wp-2\/","og_site_name":"EazyCorp","article_modified_time":"2021-02-16T22:35:56+00:00","og_image":[{"url":"http:\/\/eazyco.com.br\/wp-2\/wp-content\/uploads\/2021\/02\/banner_eazy-1024x434.png"}],"twitter_card":"summary_large_image","twitter_misc":{"Est. reading time":"1 minute"},"schema":{"@context":"https:\/\/schema.org","@graph":[{"@type":"Organization","@id":"https:\/\/eazyco.com.br\/wp-2\/#organization","name":"EazyCorp","url":"https:\/\/eazyco.com.br\/wp-2\/","sameAs":[],"logo":{"@type":"ImageObject","@id":"https:\/\/eazyco.com.br\/wp-2\/#logo","inLanguage":"en-US","url":"https:\/\/eazyco.com.br\/wp-2\/wp-content\/uploads\/2021\/02\/EazyCorp..png","contentUrl":"https:\/\/eazyco.com.br\/wp-2\/wp-content\/uploads\/2021\/02\/EazyCorp..png","width":500,"height":500,"caption":"EazyCorp"},"image":{"@id":"https:\/\/eazyco.com.br\/wp-2\/#logo"}},{"@type":"WebSite","@id":"https:\/\/eazyco.com.br\/wp-2\/#website","url":"https:\/\/eazyco.com.br\/wp-2\/","name":"EazyCorp","description":"Solu\u00e7\u00f5es em Desenvolvimento","publisher":{"@id":"https:\/\/eazyco.com.br\/wp-2\/#organization"},"potentialAction":[{"@type":"SearchAction","target":{"@type":"EntryPoint","urlTemplate":"https:\/\/eazyco.com.br\/wp-2\/?s={search_term_string}"},"query-input":"required name=search_term_string"}],"inLanguage":"en-US"},{"@type":"ImageObject","@id":"https:\/\/eazyco.com.br\/wp-2\/#primaryimage","inLanguage":"en-US","url":"http:\/\/eazyco.com.br\/wp-2\/wp-content\/uploads\/2021\/02\/banner_eazy-1024x434.png","contentUrl":"http:\/\/eazyco.com.br\/wp-2\/wp-content\/uploads\/2021\/02\/banner_eazy-1024x434.png"},{"@type":"WebPage","@id":"https:\/\/eazyco.com.br\/wp-2\/#webpage","url":"https:\/\/eazyco.com.br\/wp-2\/","name":"Inicio - EazyCorp","isPartOf":{"@id":"https:\/\/eazyco.com.br\/wp-2\/#website"},"primaryImageOfPage":{"@id":"https:\/\/eazyco.com.br\/wp-2\/#primaryimage"},"datePublished":"2019-05-24T20:30:45+00:00","dateModified":"2021-02-16T22:35:56+00:00","breadcrumb":{"@id":"https:\/\/eazyco.com.br\/wp-2\/#breadcrumb"},"inLanguage":"en-US","potentialAction":[{"@type":"ReadAction","target":["https:\/\/eazyco.com.br\/wp-2\/"]}]},{"@type":"BreadcrumbList","@id":"https:\/\/eazyco.com.br\/wp-2\/#breadcrumb","itemListElement":[{"@type":"ListItem","position":1,"name":"Home","item":"https:\/\/eazyco.com.br\/wp-2\/"},{"@type":"ListItem","position":2,"name":"Inicio"}]}]}},"_links":{"self":[{"href":"https:\/\/eazyco.com.br\/wp-2\/wp-json\/wp\/v2\/pages\/2"}],"collection":[{"href":"https:\/\/eazyco.com.br\/wp-2\/wp-json\/wp\/v2\/pages"}],"about":[{"href":"https:\/\/eazyco.com.br\/wp-2\/wp-json\/wp\/v2\/types\/page"}],"author":[{"embeddable":true,"href":"https:\/\/eazyco.com.br\/wp-2\/wp-json\/wp\/v2\/users\/1"}],"replies":[{"embeddable":true,"href":"https:\/\/eazyco.com.br\/wp-2\/wp-json\/wp\/v2\/comments?post=2"}],"version-history":[{"count":11,"href":"https:\/\/eazyco.com.br\/wp-2\/wp-json\/wp\/v2\/pages\/2\/revisions"}],"predecessor-version":[{"id":81,"href":"https:\/\/eazyco.com.br\/wp-2\/wp-json\/wp\/v2\/pages\/2\/revisions\/81"}],"wp:attachment":[{"href":"https:\/\/eazyco.com.br\/wp-2\/wp-json\/wp\/v2\/media?parent=2"}],"curies":[{"name":"wp","href":"https:\/\/api.w.org\/{rel}","templated":true}]}}