{"id":24,"date":"2021-02-14T21:47:52","date_gmt":"2021-02-14T21:47:52","guid":{"rendered":"http:\/\/eazyco.com.br\/wp-2\/?page_id=24"},"modified":"2022-02-03T19:37:18","modified_gmt":"2022-02-03T19:37:18","slug":"minhas-startups","status":"publish","type":"page","link":"https:\/\/eazyco.com.br\/wp-2\/minhas-startups\/","title":{"rendered":"Startups"},"content":{"rendered":"\n<p>Desenvolver aplica\u00e7\u00f5es que facilitem o cotidiano de pequenos empreendedores \u00e9 um dos principais objetivos da Eazy Corp. E aqui est\u00e3o os primeiros startups criados:<\/p>\n\n\n\n<figure class=\"wp-block-image size-large\"><img loading=\"lazy\" width=\"200\" height=\"200\" src=\"http:\/\/eazyco.com.br\/wp-2\/wp-content\/uploads\/2021\/02\/EazyCorp.-1-1-e1613342991645.png\" alt=\"Startup inical - EazyADM\" class=\"wp-image-29\" srcset=\"https:\/\/eazyco.com.br\/wp-2\/wp-content\/uploads\/2021\/02\/EazyCorp.-1-1-e1613342991645.png 200w, https:\/\/eazyco.com.br\/wp-2\/wp-content\/uploads\/2021\/02\/EazyCorp.-1-1-e1613342991645-150x150.png 150w, https:\/\/eazyco.com.br\/wp-2\/wp-content\/uploads\/2021\/02\/EazyCorp.-1-1-e1613342991645-146x146.png 146w, https:\/\/eazyco.com.br\/wp-2\/wp-content\/uploads\/2021\/02\/EazyCorp.-1-1-e1613342991645-50x50.png 50w, https:\/\/eazyco.com.br\/wp-2\/wp-content\/uploads\/2021\/02\/EazyCorp.-1-1-e1613342991645-75x75.png 75w, https:\/\/eazyco.com.br\/wp-2\/wp-content\/uploads\/2021\/02\/EazyCorp.-1-1-e1613342991645-85x85.png 85w, https:\/\/eazyco.com.br\/wp-2\/wp-content\/uploads\/2021\/02\/EazyCorp.-1-1-e1613342991645-80x80.png 80w\" sizes=\"(max-width: 200px) 100vw, 200px\" \/><figcaption>  EazyADM : Gerenciador Administrativo para pequenos empreendedores. <br>Uma das primeiras startups da EazyCo.<br>Atrav\u00e9s do EazyADM \u00e9 poss\u00edvel registrar todos os dados da empresa, seus colaboradores e tamb\u00e9m criar relat\u00f3rios de pagamento de honor\u00e1rios a seus colaboradores e muito mais. <a aria-label=\" (opens in a new tab)\" href=\"http:\/\/www.eazyco.com.br\/adm\" target=\"_blank\" rel=\"noreferrer noopener\">Confira aqui<\/a><\/figcaption><\/figure>\n\n\n\n<div class=\"wp-block-group\"><div class=\"wp-block-group__inner-container\">\n<figure class=\"wp-block-image size-large\"><img loading=\"lazy\" width=\"200\" height=\"200\" src=\"http:\/\/eazyco.com.br\/wp-2\/wp-content\/uploads\/2021\/02\/EazyCorp.-2-e1613342965319.png\" alt=\"EazyGPE  - Logo\" class=\"wp-image-30\" srcset=\"https:\/\/eazyco.com.br\/wp-2\/wp-content\/uploads\/2021\/02\/EazyCorp.-2-e1613342965319.png 200w, https:\/\/eazyco.com.br\/wp-2\/wp-content\/uploads\/2021\/02\/EazyCorp.-2-e1613342965319-150x150.png 150w, https:\/\/eazyco.com.br\/wp-2\/wp-content\/uploads\/2021\/02\/EazyCorp.-2-e1613342965319-146x146.png 146w, https:\/\/eazyco.com.br\/wp-2\/wp-content\/uploads\/2021\/02\/EazyCorp.-2-e1613342965319-50x50.png 50w, https:\/\/eazyco.com.br\/wp-2\/wp-content\/uploads\/2021\/02\/EazyCorp.-2-e1613342965319-75x75.png 75w, https:\/\/eazyco.com.br\/wp-2\/wp-content\/uploads\/2021\/02\/EazyCorp.-2-e1613342965319-85x85.png 85w, https:\/\/eazyco.com.br\/wp-2\/wp-content\/uploads\/2021\/02\/EazyCorp.-2-e1613342965319-80x80.png 80w\" sizes=\"(max-width: 200px) 100vw, 200px\" \/><figcaption>Eazy GPE : Gerenciamento Financeiro. Atrav\u00e9s do EazyGPE \u00e9 poss\u00edvel adminstrar todas suas finan\u00e7as de forma f\u00e1cil e pr\u00e1tica. Criar relat\u00f3rios de suas vendas e administrar o uso delas. <a href=\"http:\/\/www.eazyco.com.br\/gpe\" target=\"_blank\" rel=\"noreferrer noopener\" aria-label=\" (opens in a new tab)\">Confira mais<\/a><\/figcaption><\/figure>\n<\/div><\/div>\n\n\n\n<figure class=\"wp-block-image size-large\"><img loading=\"lazy\" width=\"200\" height=\"200\" src=\"http:\/\/eazyco.com.br\/wp-2\/wp-content\/uploads\/2021\/02\/EazyCorp.-3-e1613344148196.png\" alt=\"Liga Mundo - Logo\" class=\"wp-image-41\" srcset=\"https:\/\/eazyco.com.br\/wp-2\/wp-content\/uploads\/2021\/02\/EazyCorp.-3-e1613344148196.png 200w, https:\/\/eazyco.com.br\/wp-2\/wp-content\/uploads\/2021\/02\/EazyCorp.-3-e1613344148196-150x150.png 150w, https:\/\/eazyco.com.br\/wp-2\/wp-content\/uploads\/2021\/02\/EazyCorp.-3-e1613344148196-146x146.png 146w, https:\/\/eazyco.com.br\/wp-2\/wp-content\/uploads\/2021\/02\/EazyCorp.-3-e1613344148196-50x50.png 50w, https:\/\/eazyco.com.br\/wp-2\/wp-content\/uploads\/2021\/02\/EazyCorp.-3-e1613344148196-75x75.png 75w, https:\/\/eazyco.com.br\/wp-2\/wp-content\/uploads\/2021\/02\/EazyCorp.-3-e1613344148196-85x85.png 85w, https:\/\/eazyco.com.br\/wp-2\/wp-content\/uploads\/2021\/02\/EazyCorp.-3-e1613344148196-80x80.png 80w\" sizes=\"(max-width: 200px) 100vw, 200px\" \/><figcaption>Liga Mundo \u00e9 uma aplica\u00e7\u00e3o voltada a jogadores nativos de Pok\u00e9mon GO que procurando realizar batalhas amistosas entre os jogadores de forma saud\u00e1vel e competitiva.<br> <a href=\"http:\/\/www.eazyco.com.br\/pokemongo\" target=\"_blank\" rel=\"noreferrer noopener\" aria-label=\" (opens in a new tab)\">Confira mais aqui<\/a><\/figcaption><\/figure>\n\n\n\n<figure class=\"wp-block-image size-large is-style-rounded\"><img loading=\"lazy\" width=\"200\" height=\"200\" src=\"http:\/\/eazyco.com.br\/wp-2\/wp-content\/uploads\/2021\/02\/arena_logo-e1613344389341.jpg\" alt=\"Logo Arena PVP\" class=\"wp-image-43\" title=\"Logo do Arena\" srcset=\"https:\/\/eazyco.com.br\/wp-2\/wp-content\/uploads\/2021\/02\/arena_logo-e1613344389341.jpg 200w, https:\/\/eazyco.com.br\/wp-2\/wp-content\/uploads\/2021\/02\/arena_logo-e1613344389341-150x150.jpg 150w, https:\/\/eazyco.com.br\/wp-2\/wp-content\/uploads\/2021\/02\/arena_logo-e1613344389341-146x146.jpg 146w, https:\/\/eazyco.com.br\/wp-2\/wp-content\/uploads\/2021\/02\/arena_logo-e1613344389341-50x50.jpg 50w, https:\/\/eazyco.com.br\/wp-2\/wp-content\/uploads\/2021\/02\/arena_logo-e1613344389341-75x75.jpg 75w, https:\/\/eazyco.com.br\/wp-2\/wp-content\/uploads\/2021\/02\/arena_logo-e1613344389341-85x85.jpg 85w, https:\/\/eazyco.com.br\/wp-2\/wp-content\/uploads\/2021\/02\/arena_logo-e1613344389341-80x80.jpg 80w\" sizes=\"(max-width: 200px) 100vw, 200px\" \/><figcaption>Arena PVP \u00e9 uma aplica\u00e7\u00e3o criada para gerar conte\u00fado de torneios PVP entre jogadores de Pok\u00e9mon GO de todo o mundo, repleta de diversas formas de torneios. <br>Para saber mais acessei <a href=\"http:\/\/eazyco.com.br\/pokemongo\">aqui<\/a><\/figcaption><\/figure>\n\n\n\n<div class=\"wp-block-buttons\">\n<div class=\"wp-block-button\"><a class=\"wp-block-button__link\">Voltar<\/a><\/div>\n<\/div>\n","protected":false},"excerpt":{"rendered":"<p>Desenvolver aplica\u00e7\u00f5es que facilitem o cotidiano de pequenos empreendedores \u00e9 um dos principais objetivos da Eazy Corp. E aqui est\u00e3o os primeiros startups criados:<\/p>\n","protected":false},"author":1,"featured_media":0,"parent":0,"menu_order":0,"comment_status":"closed","ping_status":"closed","template":"","meta":[],"yoast_head":"<!-- This site is optimized with the Yoast SEO plugin v17.9 - https:\/\/yoast.com\/wordpress\/plugins\/seo\/ -->\n<title>Startups - EazyCorp<\/title>\n<meta name=\"description\" content=\"Desenvolver startups que facilitem o cotidiano de pequenos empreendedores \u00e9 um dos principais objetivos da Eazy Corp.\" \/>\n<meta name=\"robots\" content=\"index, follow, max-snippet:-1, max-image-preview:large, max-video-preview:-1\" \/>\n<link rel=\"canonical\" href=\"https:\/\/eazyco.com.br\/wp-2\/minhas-startups\/\" \/>\n<meta property=\"og:locale\" content=\"en_US\" \/>\n<meta property=\"og:type\" content=\"article\" \/>\n<meta property=\"og:title\" content=\"Startups - EazyCorp\" \/>\n<meta property=\"og:description\" content=\"Desenvolver startups que facilitem o cotidiano de pequenos empreendedores \u00e9 um dos principais objetivos da Eazy Corp.\" \/>\n<meta property=\"og:url\" content=\"https:\/\/eazyco.com.br\/wp-2\/minhas-startups\/\" \/>\n<meta property=\"og:site_name\" content=\"EazyCorp\" \/>\n<meta property=\"article:modified_time\" content=\"2022-02-03T19:37:18+00:00\" \/>\n<meta property=\"og:image\" content=\"http:\/\/eazyco.com.br\/wp-2\/wp-content\/uploads\/2021\/02\/EazyCorp.-1-1-e1613342991645.png\" \/>\n<meta name=\"twitter:card\" content=\"summary_large_image\" \/>\n<meta name=\"twitter:label1\" content=\"Est. reading time\" \/>\n\t<meta name=\"twitter:data1\" content=\"2 minutes\" \/>\n<script type=\"application\/ld+json\" class=\"yoast-schema-graph\">{\"@context\":\"https:\/\/schema.org\",\"@graph\":[{\"@type\":\"Organization\",\"@id\":\"https:\/\/eazyco.com.br\/wp-2\/#organization\",\"name\":\"EazyCorp\",\"url\":\"https:\/\/eazyco.com.br\/wp-2\/\",\"sameAs\":[],\"logo\":{\"@type\":\"ImageObject\",\"@id\":\"https:\/\/eazyco.com.br\/wp-2\/#logo\",\"inLanguage\":\"en-US\",\"url\":\"https:\/\/eazyco.com.br\/wp-2\/wp-content\/uploads\/2021\/02\/EazyCorp..png\",\"contentUrl\":\"https:\/\/eazyco.com.br\/wp-2\/wp-content\/uploads\/2021\/02\/EazyCorp..png\",\"width\":500,\"height\":500,\"caption\":\"EazyCorp\"},\"image\":{\"@id\":\"https:\/\/eazyco.com.br\/wp-2\/#logo\"}},{\"@type\":\"WebSite\",\"@id\":\"https:\/\/eazyco.com.br\/wp-2\/#website\",\"url\":\"https:\/\/eazyco.com.br\/wp-2\/\",\"name\":\"EazyCorp\",\"description\":\"Solu\\u00e7\\u00f5es em Desenvolvimento\",\"publisher\":{\"@id\":\"https:\/\/eazyco.com.br\/wp-2\/#organization\"},\"potentialAction\":[{\"@type\":\"SearchAction\",\"target\":{\"@type\":\"EntryPoint\",\"urlTemplate\":\"https:\/\/eazyco.com.br\/wp-2\/?s={search_term_string}\"},\"query-input\":\"required name=search_term_string\"}],\"inLanguage\":\"en-US\"},{\"@type\":\"ImageObject\",\"@id\":\"https:\/\/eazyco.com.br\/wp-2\/minhas-startups\/#primaryimage\",\"inLanguage\":\"en-US\",\"url\":\"http:\/\/eazyco.com.br\/wp-2\/wp-content\/uploads\/2021\/02\/EazyCorp.-1-1-e1613342991645.png\",\"contentUrl\":\"http:\/\/eazyco.com.br\/wp-2\/wp-content\/uploads\/2021\/02\/EazyCorp.-1-1-e1613342991645.png\"},{\"@type\":\"WebPage\",\"@id\":\"https:\/\/eazyco.com.br\/wp-2\/minhas-startups\/#webpage\",\"url\":\"https:\/\/eazyco.com.br\/wp-2\/minhas-startups\/\",\"name\":\"Startups - EazyCorp\",\"isPartOf\":{\"@id\":\"https:\/\/eazyco.com.br\/wp-2\/#website\"},\"primaryImageOfPage\":{\"@id\":\"https:\/\/eazyco.com.br\/wp-2\/minhas-startups\/#primaryimage\"},\"datePublished\":\"2021-02-14T21:47:52+00:00\",\"dateModified\":\"2022-02-03T19:37:18+00:00\",\"description\":\"Desenvolver startups que facilitem o cotidiano de pequenos empreendedores \\u00e9 um dos principais objetivos da Eazy Corp.\",\"breadcrumb\":{\"@id\":\"https:\/\/eazyco.com.br\/wp-2\/minhas-startups\/#breadcrumb\"},\"inLanguage\":\"en-US\",\"potentialAction\":[{\"@type\":\"ReadAction\",\"target\":[\"https:\/\/eazyco.com.br\/wp-2\/minhas-startups\/\"]}]},{\"@type\":\"BreadcrumbList\",\"@id\":\"https:\/\/eazyco.com.br\/wp-2\/minhas-startups\/#breadcrumb\",\"itemListElement\":[{\"@type\":\"ListItem\",\"position\":1,\"name\":\"Home\",\"item\":\"https:\/\/eazyco.com.br\/wp-2\/\"},{\"@type\":\"ListItem\",\"position\":2,\"name\":\"Startups\"}]}]}<\/script>\n<!-- \/ Yoast SEO plugin. -->","yoast_head_json":{"title":"Startups - EazyCorp","description":"Desenvolver startups que facilitem o cotidiano de pequenos empreendedores \u00e9 um dos principais objetivos da Eazy Corp.","robots":{"index":"index","follow":"follow","max-snippet":"max-snippet:-1","max-image-preview":"max-image-preview:large","max-video-preview":"max-video-preview:-1"},"canonical":"https:\/\/eazyco.com.br\/wp-2\/minhas-startups\/","og_locale":"en_US","og_type":"article","og_title":"Startups - EazyCorp","og_description":"Desenvolver startups que facilitem o cotidiano de pequenos empreendedores \u00e9 um dos principais objetivos da Eazy Corp.","og_url":"https:\/\/eazyco.com.br\/wp-2\/minhas-startups\/","og_site_name":"EazyCorp","article_modified_time":"2022-02-03T19:37:18+00:00","og_image":[{"url":"http:\/\/eazyco.com.br\/wp-2\/wp-content\/uploads\/2021\/02\/EazyCorp.-1-1-e1613342991645.png"}],"twitter_card":"summary_large_image","twitter_misc":{"Est. reading time":"2 minutes"},"schema":{"@context":"https:\/\/schema.org","@graph":[{"@type":"Organization","@id":"https:\/\/eazyco.com.br\/wp-2\/#organization","name":"EazyCorp","url":"https:\/\/eazyco.com.br\/wp-2\/","sameAs":[],"logo":{"@type":"ImageObject","@id":"https:\/\/eazyco.com.br\/wp-2\/#logo","inLanguage":"en-US","url":"https:\/\/eazyco.com.br\/wp-2\/wp-content\/uploads\/2021\/02\/EazyCorp..png","contentUrl":"https:\/\/eazyco.com.br\/wp-2\/wp-content\/uploads\/2021\/02\/EazyCorp..png","width":500,"height":500,"caption":"EazyCorp"},"image":{"@id":"https:\/\/eazyco.com.br\/wp-2\/#logo"}},{"@type":"WebSite","@id":"https:\/\/eazyco.com.br\/wp-2\/#website","url":"https:\/\/eazyco.com.br\/wp-2\/","name":"EazyCorp","description":"Solu\u00e7\u00f5es em Desenvolvimento","publisher":{"@id":"https:\/\/eazyco.com.br\/wp-2\/#organization"},"potentialAction":[{"@type":"SearchAction","target":{"@type":"EntryPoint","urlTemplate":"https:\/\/eazyco.com.br\/wp-2\/?s={search_term_string}"},"query-input":"required name=search_term_string"}],"inLanguage":"en-US"},{"@type":"ImageObject","@id":"https:\/\/eazyco.com.br\/wp-2\/minhas-startups\/#primaryimage","inLanguage":"en-US","url":"http:\/\/eazyco.com.br\/wp-2\/wp-content\/uploads\/2021\/02\/EazyCorp.-1-1-e1613342991645.png","contentUrl":"http:\/\/eazyco.com.br\/wp-2\/wp-content\/uploads\/2021\/02\/EazyCorp.-1-1-e1613342991645.png"},{"@type":"WebPage","@id":"https:\/\/eazyco.com.br\/wp-2\/minhas-startups\/#webpage","url":"https:\/\/eazyco.com.br\/wp-2\/minhas-startups\/","name":"Startups - EazyCorp","isPartOf":{"@id":"https:\/\/eazyco.com.br\/wp-2\/#website"},"primaryImageOfPage":{"@id":"https:\/\/eazyco.com.br\/wp-2\/minhas-startups\/#primaryimage"},"datePublished":"2021-02-14T21:47:52+00:00","dateModified":"2022-02-03T19:37:18+00:00","description":"Desenvolver startups que facilitem o cotidiano de pequenos empreendedores \u00e9 um dos principais objetivos da Eazy Corp.","breadcrumb":{"@id":"https:\/\/eazyco.com.br\/wp-2\/minhas-startups\/#breadcrumb"},"inLanguage":"en-US","potentialAction":[{"@type":"ReadAction","target":["https:\/\/eazyco.com.br\/wp-2\/minhas-startups\/"]}]},{"@type":"BreadcrumbList","@id":"https:\/\/eazyco.com.br\/wp-2\/minhas-startups\/#breadcrumb","itemListElement":[{"@type":"ListItem","position":1,"name":"Home","item":"https:\/\/eazyco.com.br\/wp-2\/"},{"@type":"ListItem","position":2,"name":"Startups"}]}]}},"_links":{"self":[{"href":"https:\/\/eazyco.com.br\/wp-2\/wp-json\/wp\/v2\/pages\/24"}],"collection":[{"href":"https:\/\/eazyco.com.br\/wp-2\/wp-json\/wp\/v2\/pages"}],"about":[{"href":"https:\/\/eazyco.com.br\/wp-2\/wp-json\/wp\/v2\/types\/page"}],"author":[{"embeddable":true,"href":"https:\/\/eazyco.com.br\/wp-2\/wp-json\/wp\/v2\/users\/1"}],"replies":[{"embeddable":true,"href":"https:\/\/eazyco.com.br\/wp-2\/wp-json\/wp\/v2\/comments?post=24"}],"version-history":[{"count":10,"href":"https:\/\/eazyco.com.br\/wp-2\/wp-json\/wp\/v2\/pages\/24\/revisions"}],"predecessor-version":[{"id":148,"href":"https:\/\/eazyco.com.br\/wp-2\/wp-json\/wp\/v2\/pages\/24\/revisions\/148"}],"wp:attachment":[{"href":"https:\/\/eazyco.com.br\/wp-2\/wp-json\/wp\/v2\/media?parent=24"}],"curies":[{"name":"wp","href":"https:\/\/api.w.org\/{rel}","templated":true}]}}